{"id":111,"date":"2015-04-19T12:49:40","date_gmt":"2015-04-19T12:49:40","guid":{"rendered":"http:\/\/www.adventistvalcea.ro\/?page_id=111"},"modified":"2015-05-22T19:02:09","modified_gmt":"2015-05-22T19:02:09","slug":"resurse","status":"publish","type":"page","link":"https:\/\/www.adventistvalcea.ro\/?page_id=111","title":{"rendered":"Resurse"},"content":{"rendered":"<p><a href=\"http:\/\/www.adventistvalcea.ro\/wp-content\/uploads\/2015\/04\/Ne_place_Biblia.jpg\"><img loading=\"lazy\" class=\"aligncenter size-full wp-image-120\" src=\"http:\/\/www.adventistvalcea.ro\/wp-content\/uploads\/2015\/04\/Ne_place_Biblia.jpg\" alt=\"Ne_place_Biblia\" width=\"400\" height=\"268\" srcset=\"https:\/\/www.adventistvalcea.ro\/wp-content\/uploads\/2015\/04\/Ne_place_Biblia.jpg 400w, https:\/\/www.adventistvalcea.ro\/wp-content\/uploads\/2015\/04\/Ne_place_Biblia-300x201.jpg 300w\" sizes=\"(max-width: 400px) 100vw, 400px\" \/><\/a>Am \u00eenceput o nou\u0103 clas\u0103 de studiu biblic. Ne vedem \u00een fiecare s\u00e2mb\u0103t\u0103 diminea\u021ba pentru 45 de minute (9:45 &#8211; 10:30). Sumarul \u00eent\u00e2lnirilor avute p\u00e2n\u0103 acum este mai jos:<\/p>\n<p>1. Revela\u021bia. Descarc\u0103 aici &#8211;\u00a0<a href=\"http:\/\/www.adventistvalcea.ro\/wp-content\/uploads\/2015\/04\/01-Revelatia.pdf\">01 Revelatia<\/a><\/p>\n<p>2. Dumnezeu &#8211; Trinitatea. Descarc\u0103 aici &#8211;\u00a0<a href=\"http:\/\/www.adventistvalcea.ro\/wp-content\/uploads\/2015\/04\/02-Dumnezeu.pdf\">02 Dumnezeu<\/a><\/p>\n<p>3. Marea lupt\u0103 dintre bine \u0219i r\u0103u. Descarc\u0103 aici &#8211;\u00a0<a href=\"http:\/\/www.adventistvalcea.ro\/wp-content\/uploads\/2015\/04\/03-Marea-lupta.pdf\">03 Marea lupta<\/a><\/p>\n<p>4. Planul de m\u00e2ntuire. Descarc\u0103 aici &#8211;\u00a0<a href=\"http:\/\/www.adventistvalcea.ro\/wp-content\/uploads\/2015\/04\/04-Planul-de-mantuire.pdf\">04 Planul de mantuire<\/a><\/p>\n<p>5. Na\u0219terea din nou. Descarc\u0103 aici &#8211;\u00a0<a href=\"http:\/\/www.adventistvalcea.ro\/wp-content\/uploads\/2015\/05\/05-Nasterea-din-nou.pdf\">05 Nasterea din nou<\/a><\/p>\n<p>6. Biserica lui Dumnezeu. Descarc\u0103 aici &#8211;\u00a0<a href=\"http:\/\/www.adventistvalcea.ro\/wp-content\/uploads\/2015\/05\/06-Biserica.pdf\">06 Biserica<\/a><\/p>\n<p>7. A doua venire a lui Isus Hristos. Descarc\u0103 aici &#8211;\u00a0<a href=\"http:\/\/www.adventistvalcea.ro\/wp-content\/uploads\/2015\/05\/07-A-doua-venire.pdf\">07 A doua venire<\/a><\/p>\n<p>&nbsp;<\/p>\n<p>Versuri: Naomi, Denisa, Daiana:\u00a0<a href=\"http:\/\/www.adventistvalcea.ro\/wp-content\/uploads\/2015\/04\/I-found-the-happy.pdf\">I found the happy<\/a><\/p>\n","protected":false},"excerpt":{"rendered":"<p>Am \u00eenceput o nou\u0103 clas\u0103 de studiu biblic. Ne vedem \u00een fiecare s\u00e2mb\u0103t\u0103 diminea\u021ba pentru 45 de minute (9:45 &#8211; 10:30). Sumarul \u00eent\u00e2lnirilor avute p\u00e2n\u0103 acum este mai jos: 1. Revela\u021bia. Descarc\u0103 aici &#8211;\u00a001 Revelatia 2. Dumnezeu &#8211; Trinitatea. Descarc\u0103 aici &#8211;\u00a002 Dumnezeu 3. Marea lupt\u0103 dintre bine \u0219i r\u0103u. Descarc\u0103 aici &#8211;\u00a003 Marea lupta [&hellip;]<\/p>\n","protected":false},"author":1,"featured_media":0,"parent":0,"menu_order":0,"comment_status":"closed","ping_status":"closed","template":"","meta":[],"_links":{"self":[{"href":"https:\/\/www.adventistvalcea.ro\/index.php?rest_route=\/wp\/v2\/pages\/111"}],"collection":[{"href":"https:\/\/www.adventistvalcea.ro\/index.php?rest_route=\/wp\/v2\/pages"}],"about":[{"href":"https:\/\/www.adventistvalcea.ro\/index.php?rest_route=\/wp\/v2\/types\/page"}],"author":[{"embeddable":true,"href":"https:\/\/www.adventistvalcea.ro\/index.php?rest_route=\/wp\/v2\/users\/1"}],"replies":[{"embeddable":true,"href":"https:\/\/www.adventistvalcea.ro\/index.php?rest_route=%2Fwp%2Fv2%2Fcomments&post=111"}],"version-history":[{"count":11,"href":"https:\/\/www.adventistvalcea.ro\/index.php?rest_route=\/wp\/v2\/pages\/111\/revisions"}],"predecessor-version":[{"id":181,"href":"https:\/\/www.adventistvalcea.ro\/index.php?rest_route=\/wp\/v2\/pages\/111\/revisions\/181"}],"wp:attachment":[{"href":"https:\/\/www.adventistvalcea.ro\/index.php?rest_route=%2Fwp%2Fv2%2Fmedia&parent=111"}],"curies":[{"name":"wp","href":"https:\/\/api.w.org\/{rel}","templated":true}]}}